{"id":55,"date":"2017-04-04T09:28:06","date_gmt":"2017-04-04T09:28:06","guid":{"rendered":"http:\/\/vaikubalsas.mruni.eu\/?page_id=55"},"modified":"2026-03-02T18:51:35","modified_gmt":"2026-03-02T18:51:35","slug":"kontaktai","status":"publish","type":"page","link":"https:\/\/vaikubalsas.mruni.eu\/?page_id=55","title":{"rendered":"Kontaktai"},"content":{"rendered":"<div class=\"elementToProof\">Renginio koordinatorius ir kontaktinis asmuo:<br \/>\nProf. dr. Brigita Kairien\u0117, el. pa\u0161tas: <a class=\"ms-outlook-linkify\" href=\"mailto:lietuvosvaikubalsas@mruni.eu\">lietuvosvaikubalsas@mruni.eu<\/a><\/div>\n<div><\/div>\n<div class=\"elementToProof\">Prane\u0161im\u0173 konkurso koordinatorius ir kontaktinis asmuo:<br \/>\nAgata Katkonien\u0117, el. pa\u0161tas: <a class=\"ms-outlook-linkify\" href=\"mailto:lietuvosvaikubalsas@mruni.eu\">lietuvosvaikubalsas@mruni.eu<\/a><\/div>\n<div><\/div>\n<div class=\"elementToProof\">Pie\u0161ini\u0173 konkurso koordinatorius ir kontaktinis asmuo:<br \/>\nProf. dr. Violeta Jegelevi\u010dien\u0117, el. pa\u0161tas: <a class=\"ms-outlook-linkify\" href=\"mailto:lietuvosvaikubalsas@mruni.eu\">lietuvosvaikubalsas@mruni.eu<\/a><\/div>\n<div><\/div>\n<div class=\"elementToProof\">Vaizdo klip\u0173 konkurso koordinatorius ir kontaktinis asmuo:<br \/>\nDoc. dr. Justinas Sadauskas, el. pa\u0161tas: <a class=\"ms-outlook-linkify\" href=\"mailto:lietuvosvaikubalsas@mruni.eu\">lietuvosvaikubalsas@mruni.eu<\/a><\/div>\n","protected":false},"excerpt":{"rendered":"<p>Renginio koordinatorius ir kontaktinis asmuo: Prof. dr. Brigita Kairien\u0117, el. pa\u0161tas: lietuvosvaikubalsas@mruni.eu Prane\u0161im\u0173 konkurso koordinatorius ir kontaktinis asmuo: Agata Katkonien\u0117, el. pa\u0161tas: lietuvosvaikubalsas@mruni.eu Pie\u0161ini\u0173 konkurso koordinatorius ir kontaktinis asmuo: Prof. dr. Violeta Jegelevi\u010dien\u0117, el. pa\u0161tas: lietuvosvaikubalsas@mruni.eu Vaizdo klip\u0173 konkurso koordinatorius ir kontaktinis asmuo: Doc. dr. Justinas Sadauskas, el. pa\u0161tas: lietuvosvaikubalsas@mruni.eu<\/p>\n","protected":false},"author":2,"featured_media":0,"parent":0,"menu_order":0,"comment_status":"closed","ping_status":"closed","template":"","meta":{"footnotes":""},"class_list":["post-55","page","type-page","status-publish","hentry"],"_links":{"self":[{"href":"https:\/\/vaikubalsas.mruni.eu\/index.php?rest_route=\/wp\/v2\/pages\/55","targetHints":{"allow":["GET"]}}],"collection":[{"href":"https:\/\/vaikubalsas.mruni.eu\/index.php?rest_route=\/wp\/v2\/pages"}],"about":[{"href":"https:\/\/vaikubalsas.mruni.eu\/index.php?rest_route=\/wp\/v2\/types\/page"}],"author":[{"embeddable":true,"href":"https:\/\/vaikubalsas.mruni.eu\/index.php?rest_route=\/wp\/v2\/users\/2"}],"replies":[{"embeddable":true,"href":"https:\/\/vaikubalsas.mruni.eu\/index.php?rest_route=%2Fwp%2Fv2%2Fcomments&post=55"}],"version-history":[{"count":15,"href":"https:\/\/vaikubalsas.mruni.eu\/index.php?rest_route=\/wp\/v2\/pages\/55\/revisions"}],"predecessor-version":[{"id":2808,"href":"https:\/\/vaikubalsas.mruni.eu\/index.php?rest_route=\/wp\/v2\/pages\/55\/revisions\/2808"}],"wp:attachment":[{"href":"https:\/\/vaikubalsas.mruni.eu\/index.php?rest_route=%2Fwp%2Fv2%2Fmedia&parent=55"}],"curies":[{"name":"wp","href":"https:\/\/api.w.org\/{rel}","templated":true}]}}