{"id":38,"date":"2017-04-04T09:22:43","date_gmt":"2017-04-04T09:22:43","guid":{"rendered":"http:\/\/vaikubalsas.mruni.eu\/?page_id=38"},"modified":"2023-05-12T07:07:42","modified_gmt":"2023-05-12T07:07:42","slug":"piesiniu-konkursas","status":"publish","type":"page","link":"https:\/\/vaikubalsas.mruni.eu\/?page_id=38","title":{"rendered":"Pie\u0161ini\u0173 konkurso nuostatai"},"content":{"rendered":"\n<p><strong>I. BENDROJI DALIS<\/strong><\/p>\n\n\n\n<p>1. Vaik\u0173 pie\u0161ini\u0173 konkurso \u201eLietuvos vaik\u0173 balsas\u201c (toliau \u2013 Konkursas) nuostatai (toliau \u2013 Nuostatai) apibr\u0117\u017eia konkurso organizatorius, tiksl\u0105, u\u017edavinius, dalyvius, s\u0105lygas, konkurso laim\u0117toj\u0173 nustatymo ir dalyvi\u0173 apdovanojimo tvark\u0105.<\/p>\n\n\n\n<p>2. Konkurso organizatorius \u2013 Mykolo Romerio universiteto \u017dmogaus ir visuomen\u0117s studij\u0173 fakulteto Edukologijos ir socialinio darbo institutas (toliau \u2013 Organizatorius)<\/p>\n\n\n\n<p>3. Konkurso koordinatorius ir kontaktinis asmuo: doc. dr. Violeta Jegelevi\u010dien\u0117, el. pa\u0161tas: <a href=\"mailto:lietuvosvaikubalsas@mruni.eu\">lietuvosvaikubalsas@mruni.eu<\/a><strong><\/strong><\/p>\n\n\n\n<p><strong>II. KONKURSO TIKSLAI IR U\u017dDAVINIAI<\/strong><\/p>\n\n\n\n<p>4. Konkursas skirtas pamin\u0117ti Tarptautin\u0119 vaik\u0173 gynimo dien\u0105. Dalyviai kvie\u010diami i\u0161reik\u0161ti savo nuomon\u0119 pie\u0161iniu tema <em>\u201eJeigu tur\u0117\u010diau stebukl\u0173 lazdel\u0119 &#8230;\u201c.<\/em><\/p>\n\n\n\n<p>5. Konkurso tikslas \u2013 suteikti vaikui galimyb\u0119 pie\u0161iniu i\u0161reik\u0161ti savo nuomon\u0119 apie tai, kas r\u016bpi.<\/p>\n\n\n\n<p>6. U\u017edaviniai:<\/p>\n\n\n\n<p>6.1. Skatinti pilietin\u0119 dr\u0105s\u0105 ir aktyvum\u0105 atsakingai i\u0161rei\u0161kiant savo nuomon\u0119;<\/p>\n\n\n\n<p>6.2. Puosel\u0117ti vaik\u0173 menin\u0119 savirai\u0161k\u0105 ir k\u016brybi\u0161kum\u0105.<\/p>\n\n\n\n<p><strong>III. DALYVIAI<\/strong><\/p>\n\n\n\n<p>7. Konkurse gali dalyvauti vaikai nuo 3 iki 18 met\u0173. <strong><\/strong><\/p>\n\n\n\n<p><strong>IV. KONKURSO S\u0104LYGOS<\/strong><\/p>\n\n\n\n<p>8. Konkursui pateikiami <em>individual\u016bs<\/em> darbai. Vienas vaikas gali b\u016bti tik vieno pie\u0161inio autorius.<\/p>\n\n\n\n<p>9. Konkursui pateikiami pie\u0161iniai gali b\u016bti atlikti \u012fvairiomis priemon\u0117mis: gua\u0161u, akvarele, aliejumi, spalvotais pie\u0161tukais, kreidel\u0117mis ir pan. Konkursui pateikti pie\u0161iniai turi b\u016bti atlikti ne kompiuterine technika.<\/p>\n\n\n\n<p>10. Pie\u0161inio lapo formatas \u2013 A4.<\/p>\n\n\n\n<p>11. Atsiun\u010diant pie\u0161in\u012f turi b\u016bti u\u017epildyta elektronin\u0117 konkurso dalyvio registracijos anketa, kurioje pateikiamas pie\u0161inio pavadinimas ir 2-3 sakiniais pateikiama pie\u0161inio id\u0117ja.<\/p>\n\n\n\n<p>12. Kitoje pie\u0161inio pus\u0117je turi b\u016bti priklijuota atspausdinta konkurso dalyvio anketa, kurioje nurodyta pie\u0161inio autoriaus vardas, pavard\u0117, am\u017eius, prie\u0161inio pavadinimas, \u0161vietimo \u012fstaigos, kuri\u0105 atstovauja, pavadinimas, vadovavusio mokytojo vardas pavard\u0117, kontaktai (telefonas ir el. pa\u0161to adresas) komunikacijai.<\/p>\n\n\n\n<p>13. Kiekvienas dalyvis siun\u010dia arba pristato savo pie\u0161in\u012f Organizatoriui adresu: Mykolo Romerio universiteto \u017dmogaus ir visuomen\u0117s studij\u0173 fakultetas (V-243 kab.), Ateities 20, LT-08303 Vilnius.<\/p>\n\n\n\n<p><strong>V. KONKURSO DARB\u0172 VERTINIMAS<\/strong><\/p>\n\n\n\n<p>14. Konkursui pateikti darbai vertinami 3-5, 6-8, 9-11, 12-14, 15-18 met\u0173 am\u017eiaus grup\u0117se.<\/p>\n\n\n\n<p>15. Organizatorius sudaro vertinimo komisij\u0105.<\/p>\n\n\n\n<p>16. Konkurso vertinimo komisija atsi\u017evelgia \u012f:&nbsp;<\/p>\n\n\n\n<p>16.1. pie\u0161inio atitikim\u0105 temai <em>\u201eJeigu tur\u0117\u010diau stebukl\u0173 lazdel\u0119 &#8230;\u201c<\/em>;<\/p>\n\n\n\n<p>16.2. kartu su pie\u0161iniu elektronin\u0117je konkurso dalyvio registracijos anketoje pateikt\u0105 pie\u0161inio pavadinim\u0105, id\u0117j\u0105;<\/p>\n\n\n\n<p>16.3. k\u016brybi\u0161kum\u0105;<\/p>\n\n\n\n<p>16.4. kompozicijos originalum\u0105;<\/p>\n\n\n\n<p>16.5. esteti\u0161kum\u0105.<\/p>\n\n\n\n<p>17. Kiekvienoje am\u017eiaus grup\u0117je bus i\u0161rinkta po 3 nugal\u0117tojus.<\/p>\n\n\n\n<p>18. Nugal\u0117tojai bus kvie\u010diami dalyvauti konferencijoje \u201eLietuvos vaik\u0173 balsas\u201c, vyksian\u010dioje <strong>2023 m. bir\u017eelio&nbsp;1&nbsp;d.<\/strong> Mykolo Romerio universitete adresu Ateities g. 20, I-201 aud. Vilnius.<\/p>\n\n\n\n<p>19. Konkurso s\u0105lyg\u0173 neatitinkantys darbai nebus vertinami.<\/p>\n\n\n\n<p><strong>VI. KONKURSO ORGANIZAVIMO TVARKA<\/strong><\/p>\n\n\n\n<p>20. Konkurso dalyvis (arba jo atstovas) <strong>iki 2023 m. gegu\u017e\u0117s 18 d.<\/strong> u\u017epildo elektronin\u0119 konkurso dalyvio registracijos anket\u0105: <a href=\"https:\/\/forms.office.com\/r\/tGbPCGSQYm\">https:\/\/forms.office.com\/r\/tGbPCGSQYm<\/a><\/p>\n\n\n\n<p>21. Darbai<strong> iki 2023 m. gegu\u017e\u0117s 18 d.<\/strong> siun\u010diami pa\u0161tu arba pristatomi adresu: Mykolo Romerio universiteto \u017dmogaus ir visuomen\u0117s studij\u0173 fakultetas (V-243 kab.), Ateities 20, LT-08303 Vilnius (su priera\u0161u \u2013 Pie\u0161ini\u0173 konkursui \u201eLietuvos vaik\u0173 balsas\u201c).<\/p>\n\n\n\n<p>22. Vertinimo komisija <strong>2023 m. gegu\u017e\u0117s 23 d.<\/strong> skelbia konkurso rezultatus interneto svetain\u0117je <a rel=\"noreferrer noopener\" href=\"https:\/\/vaikubalsas.mruni.eu\/\" target=\"_blank\">https:\/\/vaikubalsas.mruni.eu\/<\/a><strong> <\/strong>bei informuoja konkurso nugal\u0117tojus asmeni\u0161kai el. pa\u0161tu.<\/p>\n\n\n\n<p>23. Konkurso nugal\u0117toj\u0173 pie\u0161iniai bus talpinami organizatoriaus tinklapyje <a href=\"https:\/\/vaikubalsas.mruni.eu\/\" target=\"_blank\" rel=\"noreferrer noopener\">https:\/\/vaikubalsas.mruni.eu\/<\/a><\/p>\n\n\n\n<p><strong>VII. RENGINI\u0172 DALYVI\u0172 APDOVANOJIMAS<\/strong><\/p>\n\n\n\n<p>22. Konkurso nugal\u0117tojai bus apdovanoti konferencijoje<strong> \u201eLietuvos vaik\u0173 balsas\u201c<\/strong>,kuri skirta pamin\u0117ti Tarptautin\u0119 vaik\u0173 gynimo dien\u0105 <strong>2023 m. bir\u017eelio 1 d.<\/strong><\/p>\n\n\n\n<p>23. Nugal\u0117tojai bus apdovanojami atminimo dovanomis, o pedagogams, kuri\u0173 mokiniai taps nugal\u0117tojais, bus \u012fteikti pad\u0117kos ra\u0161tai.<\/p>\n\n\n\n<p><strong>VIII. KITOS S\u0104LYGOS<\/strong><\/p>\n\n\n\n<p>24. Konkurso dalyviai, atsi\u0173sdami pie\u0161inius, sutinka su konkurso taisykl\u0117mis ir perleid\u017eia savo autorines teises \u012f k\u016brin\u012f konkurso organizatoriams.<\/p>\n\n\n\n<p>25. Organizatorius n\u0117ra atsakingas u\u017e bet kokias asmenines i\u0161laidas, susijusias su dalyvavimu konkurse.<\/p>\n\n\n\n<p>26. Organizatorius neatsako u\u017e siuntimo metu dingusius, pa\u017eeistus ar sugadintus darbus.<\/p>\n\n\n\n<p>27. Konkurso dalyviai sutinka, kad foto nuotraukos ar video med\u017eiaga su asmeniniu atvaizdu i\u0161 apdovanojim\u0173 ceremonijos ar kit\u0173 su konkursu susijusi\u0173 rengini\u0173, b\u016bt\u0173 publikuojamos vie\u0161ai ir naudojamos rinkodaros tikslams.<\/p>\n\n\n\n<p>28. Konkurso organizatorius pasilieka teis\u0119 keisti konkurso taisykles, apie tai informuodamas MRU internetiniame puslapyje (<a href=\"https:\/\/vaikubalsas.mruni.eu\/\" target=\"_blank\" rel=\"noreferrer noopener\">https:\/\/vaikubalsas.mruni.eu\/<\/a>).<\/p>\n","protected":false},"excerpt":{"rendered":"<p>I. BENDROJI DALIS 1. Vaik\u0173 pie\u0161ini\u0173 konkurso \u201eLietuvos vaik\u0173 balsas\u201c (toliau \u2013 Konkursas) nuostatai (toliau \u2013 Nuostatai) apibr\u0117\u017eia konkurso organizatorius, tiksl\u0105, u\u017edavinius, dalyvius, s\u0105lygas, konkurso laim\u0117toj\u0173 nustatymo ir dalyvi\u0173 apdovanojimo tvark\u0105. 2. Konkurso organizatorius \u2013 Mykolo Romerio universiteto \u017dmogaus ir visuomen\u0117s studij\u0173 fakulteto Edukologijos ir socialinio darbo institutas (toliau \u2013 Organizatorius) 3. Konkurso koordinatorius ir [&hellip;]<\/p>\n","protected":false},"author":2,"featured_media":0,"parent":0,"menu_order":0,"comment_status":"closed","ping_status":"closed","template":"","meta":{"footnotes":""},"class_list":["post-38","page","type-page","status-publish","hentry"],"_links":{"self":[{"href":"https:\/\/vaikubalsas.mruni.eu\/index.php?rest_route=\/wp\/v2\/pages\/38","targetHints":{"allow":["GET"]}}],"collection":[{"href":"https:\/\/vaikubalsas.mruni.eu\/index.php?rest_route=\/wp\/v2\/pages"}],"about":[{"href":"https:\/\/vaikubalsas.mruni.eu\/index.php?rest_route=\/wp\/v2\/types\/page"}],"author":[{"embeddable":true,"href":"https:\/\/vaikubalsas.mruni.eu\/index.php?rest_route=\/wp\/v2\/users\/2"}],"replies":[{"embeddable":true,"href":"https:\/\/vaikubalsas.mruni.eu\/index.php?rest_route=%2Fwp%2Fv2%2Fcomments&post=38"}],"version-history":[{"count":34,"href":"https:\/\/vaikubalsas.mruni.eu\/index.php?rest_route=\/wp\/v2\/pages\/38\/revisions"}],"predecessor-version":[{"id":2093,"href":"https:\/\/vaikubalsas.mruni.eu\/index.php?rest_route=\/wp\/v2\/pages\/38\/revisions\/2093"}],"wp:attachment":[{"href":"https:\/\/vaikubalsas.mruni.eu\/index.php?rest_route=%2Fwp%2Fv2%2Fmedia&parent=38"}],"curies":[{"name":"wp","href":"https:\/\/api.w.org\/{rel}","templated":true}]}}