{"id":2766,"date":"2026-03-02T19:11:29","date_gmt":"2026-03-02T19:11:29","guid":{"rendered":"https:\/\/vaikubalsas.mruni.eu\/?page_id=2766"},"modified":"2026-03-02T19:13:38","modified_gmt":"2026-03-02T19:13:38","slug":"2026-akimirkos","status":"publish","type":"page","link":"https:\/\/vaikubalsas.mruni.eu\/?page_id=2766","title":{"rendered":"2026 Konferencijos akimirkos"},"content":{"rendered":"\n<p class=\"has-text-align-center\"><em>\u0160iame puslapyje skelbiamos konferencijos akimirkos. Renginio metu buvo fotografuojama ir filmuojama. <\/em><\/p>\n\n\n\n<p class=\"has-text-align-center\"><em>Vaizdo bei nuotrauk\u0173 med\u017eiaga publikuojama renginio vie\u0161inimo ir informavimo tikslais.<\/em><\/p>\n\n\n\n<p><\/p>\n","protected":false},"excerpt":{"rendered":"<p>\u0160iame puslapyje skelbiamos konferencijos akimirkos. Renginio metu buvo fotografuojama ir filmuojama. Vaizdo bei nuotrauk\u0173 med\u017eiaga publikuojama renginio vie\u0161inimo ir informavimo tikslais.<\/p>\n","protected":false},"author":109,"featured_media":0,"parent":0,"menu_order":0,"comment_status":"closed","ping_status":"closed","template":"","meta":{"footnotes":""},"class_list":["post-2766","page","type-page","status-publish","hentry"],"_links":{"self":[{"href":"https:\/\/vaikubalsas.mruni.eu\/index.php?rest_route=\/wp\/v2\/pages\/2766","targetHints":{"allow":["GET"]}}],"collection":[{"href":"https:\/\/vaikubalsas.mruni.eu\/index.php?rest_route=\/wp\/v2\/pages"}],"about":[{"href":"https:\/\/vaikubalsas.mruni.eu\/index.php?rest_route=\/wp\/v2\/types\/page"}],"author":[{"embeddable":true,"href":"https:\/\/vaikubalsas.mruni.eu\/index.php?rest_route=\/wp\/v2\/users\/109"}],"replies":[{"embeddable":true,"href":"https:\/\/vaikubalsas.mruni.eu\/index.php?rest_route=%2Fwp%2Fv2%2Fcomments&post=2766"}],"version-history":[{"count":3,"href":"https:\/\/vaikubalsas.mruni.eu\/index.php?rest_route=\/wp\/v2\/pages\/2766\/revisions"}],"predecessor-version":[{"id":2771,"href":"https:\/\/vaikubalsas.mruni.eu\/index.php?rest_route=\/wp\/v2\/pages\/2766\/revisions\/2771"}],"wp:attachment":[{"href":"https:\/\/vaikubalsas.mruni.eu\/index.php?rest_route=%2Fwp%2Fv2%2Fmedia&parent=2766"}],"curies":[{"name":"wp","href":"https:\/\/api.w.org\/{rel}","templated":true}]}}