{"id":2745,"date":"2026-03-02T18:52:59","date_gmt":"2026-03-02T18:52:59","guid":{"rendered":"https:\/\/vaikubalsas.mruni.eu\/?page_id=2745"},"modified":"2026-03-02T19:47:54","modified_gmt":"2026-03-02T19:47:54","slug":"2026-kontaktai","status":"publish","type":"page","link":"https:\/\/vaikubalsas.mruni.eu\/?page_id=2745","title":{"rendered":"2026 Kontaktai"},"content":{"rendered":"\n<p class=\"has-text-align-center\">Renginio koordinatorius ir kontaktinis asmuo:<br>Prof. dr. Violeta Jegelevi\u010dien\u0117, el. pa\u0161tas:\u00a0<a href=\"mailto:lietuvosvaikubalsas@mruni.eu\">lietuvosvaikubalsas@mruni.eu<\/a><\/p>\n\n\n\n<p class=\"has-text-align-center\">Prane\u0161im\u0173 konkurso koordinatorius ir kontaktinis asmuo:<br>Agata Katkonien\u0117, el. pa\u0161tas:&nbsp;<a href=\"mailto:lietuvosvaikubalsas@mruni.eu\">lietuvosvaikubalsas@mruni.eu<\/a><\/p>\n\n\n\n<p class=\"has-text-align-center\">Pie\u0161ini\u0173 konkurso koordinatorius ir kontaktinis asmuo:<br>Prof. dr. Violeta Jegelevi\u010dien\u0117, el. pa\u0161tas:&nbsp;<a href=\"mailto:lietuvosvaikubalsas@mruni.eu\">lietuvosvaikubalsas@mruni.eu<\/a><\/p>\n\n\n\n<p class=\"has-text-align-center\">Vaizdo klip\u0173 konkurso koordinatorius ir kontaktinis asmuo:<br>Doc. dr. Justinas Sadauskas, el. pa\u0161tas:&nbsp;<a href=\"mailto:lietuvosvaikubalsas@mruni.eu\">lietuvosvaikubalsas@mruni.eu<\/a><\/p>\n","protected":false},"excerpt":{"rendered":"<p>Renginio koordinatorius ir kontaktinis asmuo:Prof. dr. Violeta Jegelevi\u010dien\u0117, el. pa\u0161tas:\u00a0lietuvosvaikubalsas@mruni.eu Prane\u0161im\u0173 konkurso koordinatorius ir kontaktinis asmuo:Agata Katkonien\u0117, el. pa\u0161tas:&nbsp;lietuvosvaikubalsas@mruni.eu Pie\u0161ini\u0173 konkurso koordinatorius ir kontaktinis asmuo:Prof. dr. Violeta Jegelevi\u010dien\u0117, el. pa\u0161tas:&nbsp;lietuvosvaikubalsas@mruni.eu Vaizdo klip\u0173 konkurso koordinatorius ir kontaktinis asmuo:Doc. dr. Justinas Sadauskas, el. pa\u0161tas:&nbsp;lietuvosvaikubalsas@mruni.eu<\/p>\n","protected":false},"author":109,"featured_media":0,"parent":0,"menu_order":0,"comment_status":"closed","ping_status":"closed","template":"","meta":{"footnotes":""},"class_list":["post-2745","page","type-page","status-publish","hentry"],"_links":{"self":[{"href":"https:\/\/vaikubalsas.mruni.eu\/index.php?rest_route=\/wp\/v2\/pages\/2745","targetHints":{"allow":["GET"]}}],"collection":[{"href":"https:\/\/vaikubalsas.mruni.eu\/index.php?rest_route=\/wp\/v2\/pages"}],"about":[{"href":"https:\/\/vaikubalsas.mruni.eu\/index.php?rest_route=\/wp\/v2\/types\/page"}],"author":[{"embeddable":true,"href":"https:\/\/vaikubalsas.mruni.eu\/index.php?rest_route=\/wp\/v2\/users\/109"}],"replies":[{"embeddable":true,"href":"https:\/\/vaikubalsas.mruni.eu\/index.php?rest_route=%2Fwp%2Fv2%2Fcomments&post=2745"}],"version-history":[{"count":3,"href":"https:\/\/vaikubalsas.mruni.eu\/index.php?rest_route=\/wp\/v2\/pages\/2745\/revisions"}],"predecessor-version":[{"id":2806,"href":"https:\/\/vaikubalsas.mruni.eu\/index.php?rest_route=\/wp\/v2\/pages\/2745\/revisions\/2806"}],"wp:attachment":[{"href":"https:\/\/vaikubalsas.mruni.eu\/index.php?rest_route=%2Fwp%2Fv2%2Fmedia&parent=2745"}],"curies":[{"name":"wp","href":"https:\/\/api.w.org\/{rel}","templated":true}]}}