{"id":2580,"date":"2025-06-05T10:18:59","date_gmt":"2025-06-05T10:18:59","guid":{"rendered":"https:\/\/vaikubalsas.mruni.eu\/?page_id=2580"},"modified":"2026-03-02T18:34:15","modified_gmt":"2026-03-02T18:34:15","slug":"konferencijos-akimirkos","status":"publish","type":"page","link":"https:\/\/vaikubalsas.mruni.eu\/?page_id=2580","title":{"rendered":"Konferencijos akimirkos"},"content":{"rendered":"\n<p class=\"has-text-align-center\"><em>\u0160iame puslapyje skelbiamos konferencijos akimirkos. Renginio metu buvo fotografuojama ir filmuojama. <\/em><\/p>\n\n\n\n<p class=\"has-text-align-center\"><em>Vaizdo bei nuotrauk\u0173 med\u017eiaga publikuojama renginio vie\u0161inimo ir informavimo tikslais.<\/em><\/p>\n\n\n\n<p><\/p>\n","protected":false},"excerpt":{"rendered":"<p>\u0160iame puslapyje skelbiamos konferencijos akimirkos. Renginio metu buvo fotografuojama ir filmuojama. Vaizdo bei nuotrauk\u0173 med\u017eiaga publikuojama renginio vie\u0161inimo ir informavimo tikslais.<\/p>\n","protected":false},"author":1,"featured_media":0,"parent":0,"menu_order":0,"comment_status":"closed","ping_status":"closed","template":"","meta":{"footnotes":""},"class_list":["post-2580","page","type-page","status-publish","hentry"],"_links":{"self":[{"href":"https:\/\/vaikubalsas.mruni.eu\/index.php?rest_route=\/wp\/v2\/pages\/2580","targetHints":{"allow":["GET"]}}],"collection":[{"href":"https:\/\/vaikubalsas.mruni.eu\/index.php?rest_route=\/wp\/v2\/pages"}],"about":[{"href":"https:\/\/vaikubalsas.mruni.eu\/index.php?rest_route=\/wp\/v2\/types\/page"}],"author":[{"embeddable":true,"href":"https:\/\/vaikubalsas.mruni.eu\/index.php?rest_route=\/wp\/v2\/users\/1"}],"replies":[{"embeddable":true,"href":"https:\/\/vaikubalsas.mruni.eu\/index.php?rest_route=%2Fwp%2Fv2%2Fcomments&post=2580"}],"version-history":[{"count":3,"href":"https:\/\/vaikubalsas.mruni.eu\/index.php?rest_route=\/wp\/v2\/pages\/2580\/revisions"}],"predecessor-version":[{"id":2742,"href":"https:\/\/vaikubalsas.mruni.eu\/index.php?rest_route=\/wp\/v2\/pages\/2580\/revisions\/2742"}],"wp:attachment":[{"href":"https:\/\/vaikubalsas.mruni.eu\/index.php?rest_route=%2Fwp%2Fv2%2Fmedia&parent=2580"}],"curies":[{"name":"wp","href":"https:\/\/api.w.org\/{rel}","templated":true}]}}