{"id":2331,"date":"2024-05-29T06:38:36","date_gmt":"2024-05-29T06:38:36","guid":{"rendered":"https:\/\/vaikubalsas.mruni.eu\/?page_id=2331"},"modified":"2024-06-04T07:27:01","modified_gmt":"2024-06-04T07:27:01","slug":"piesiniu-konkurso-laureatai-2024","status":"publish","type":"page","link":"https:\/\/vaikubalsas.mruni.eu\/?page_id=2331","title":{"rendered":"Pie\u0161ini\u0173 konkurso laureatai 2024"},"content":{"rendered":"\n<p class=\"has-text-align-center has-accent-3-color has-text-color has-link-color has-x-large-font-size wp-elements-11385ebed8eee01f401277015fe6f3a3\" style=\"padding-top:0;padding-bottom:0\">Pie\u0161ini\u0173 konkurso laureatai<\/p>\n\n\n\n<hr class=\"wp-block-separator has-alpha-channel-opacity is-style-dots\" style=\"margin-top:var(--wp--preset--spacing--10);margin-bottom:var(--wp--preset--spacing--10)\"\/>\n\n\n\n<p class=\"has-text-align-center has-accent-3-color has-text-color has-link-color has-x-large-font-size wp-elements-39b097bb40dfed8f59a7c8a49101c1e5\"><strong>3-5 metai<\/strong><\/p>\n\n\n\n<div class=\"wp-block-columns is-layout-flex wp-container-core-columns-is-layout-28f84493 wp-block-columns-is-layout-flex\">\n<div class=\"wp-block-column is-layout-flow wp-block-column-is-layout-flow\" style=\"flex-basis:17%\">\n<p class=\"has-accent-3-color has-text-color has-link-color has-large-font-size wp-elements-402ea01f075b4c1a8677410107ea659d\" style=\"line-height:1.2\">Pirmoji vieta<\/p>\n<\/div>\n\n\n\n<div class=\"wp-block-column is-vertically-aligned-center is-layout-flow wp-block-column-is-layout-flow\" style=\"flex-basis:83%\">\n<p class=\"has-text-align-left\">Luka <strong>KURAUSKAIT\u0116<\/strong> \u201eA\u0161 noriu b\u016bti kartu\u201c (Vilniaus lop\u0161elis dar\u017eelis \u201eGabij\u0117l\u0117\u201c, <strong>mokytoja Maryt\u0117 Bal\u010diuvien\u0117<\/strong>).<\/p>\n<\/div>\n<\/div>\n\n\n\n<div class=\"wp-block-columns is-layout-flex wp-container-core-columns-is-layout-28f84493 wp-block-columns-is-layout-flex\">\n<div class=\"wp-block-column is-layout-flow wp-block-column-is-layout-flow\" style=\"flex-basis:17%\">\n<p class=\"has-accent-3-color has-text-color has-link-color has-large-font-size wp-elements-2759788afb5191372ca698b29d36c8ce\" style=\"line-height:1.2\">Antroji vieta<\/p>\n<\/div>\n\n\n\n<div class=\"wp-block-column is-vertically-aligned-center is-layout-flow wp-block-column-is-layout-flow\" style=\"flex-basis:83%\">\n<p class=\"has-text-align-left\">Amanda <strong>PILELYT\u0116<\/strong> \u201eDidelis robotas ir ma\u017ea a\u0161\u201c (Jonavos Ruklos Jono Stanislausko mokykla-daugiafunkcinis centras skyrius \u201ePu\u0161ait\u0117\u201c, <strong>mokytoja Ramun\u0117 Repe\u010dkien\u0117<\/strong>).<\/p>\n<\/div>\n<\/div>\n\n\n\n<div class=\"wp-block-columns is-layout-flex wp-container-core-columns-is-layout-28f84493 wp-block-columns-is-layout-flex\">\n<div class=\"wp-block-column is-layout-flow wp-block-column-is-layout-flow\" style=\"flex-basis:17%\">\n<p class=\"has-accent-3-color has-text-color has-link-color has-large-font-size wp-elements-3e2f61d54ee363620688d73273ecdfc6\" style=\"line-height:1.2\">Tre\u010dioji vieta<\/p>\n<\/div>\n\n\n\n<div class=\"wp-block-column is-vertically-aligned-center is-layout-flow wp-block-column-is-layout-flow\" style=\"flex-basis:83%\">\n<p class=\"has-text-align-left\">Agota <strong>TIJ\u016a\u0160AIT\u0116<\/strong> \u201e\u017dmon\u0117s myli, o robotas Ne\u201c (Vilniaus lop\u0161elis- dar\u017eelis \u201ePu\u0161ait\u0117\u201c, <strong>mokytoja Jolita Matulyt\u0117<\/strong>).<\/p>\n<\/div>\n<\/div>\n\n\n\n<hr class=\"wp-block-separator has-alpha-channel-opacity is-style-default\" style=\"margin-top:var(--wp--preset--spacing--10);margin-bottom:var(--wp--preset--spacing--10)\"\/>\n\n\n\n<p class=\"has-text-align-center has-accent-3-color has-text-color has-link-color has-x-large-font-size wp-elements-3e117ecb91c33d94d32aca8780c7b91f\"><strong><strong>6-8 metai<\/strong><\/strong><\/p>\n\n\n\n<div class=\"wp-block-columns is-layout-flex wp-container-core-columns-is-layout-28f84493 wp-block-columns-is-layout-flex\">\n<div class=\"wp-block-column is-layout-flow wp-block-column-is-layout-flow\" style=\"flex-basis:17%\">\n<p class=\"has-accent-3-color has-text-color has-link-color has-large-font-size wp-elements-402ea01f075b4c1a8677410107ea659d\" style=\"line-height:1.2\">Pirmoji vieta<\/p>\n<\/div>\n\n\n\n<div class=\"wp-block-column is-vertically-aligned-center is-layout-flow wp-block-column-is-layout-flow\" style=\"flex-basis:83%\">\n<p class=\"has-text-align-left\">Agata <strong>NAVICKAIT\u0116<\/strong> \u201eLi\u016bdnas ir linksmas la\u0161eliai\u201c (Vilniaus Marku\u010di\u0173 lop\u0161elis dar\u017eelis, <strong>mokytoja Loreta Raulynaitien\u0117<\/strong>).<\/p>\n<\/div>\n<\/div>\n\n\n\n<div class=\"wp-block-columns is-layout-flex wp-container-core-columns-is-layout-28f84493 wp-block-columns-is-layout-flex\">\n<div class=\"wp-block-column is-layout-flow wp-block-column-is-layout-flow\" style=\"flex-basis:17%\">\n<p class=\"has-accent-3-color has-text-color has-link-color has-large-font-size wp-elements-2759788afb5191372ca698b29d36c8ce\" style=\"line-height:1.2\">Antroji vieta<\/p>\n<\/div>\n\n\n\n<div class=\"wp-block-column is-vertically-aligned-center is-layout-flow wp-block-column-is-layout-flow\" style=\"flex-basis:83%\">\n<p class=\"has-text-align-left\">Benediktas <strong>BULKA<\/strong> \u201eSvajon\u0117\u201c (Vilniaus Abraomo Kulvie\u010dio klasikin\u0117 gimnazija, <strong>mokytoja Gint\u0117&nbsp;Ma\u017eiulien\u0117<\/strong>).<\/p>\n<\/div>\n<\/div>\n\n\n\n<div class=\"wp-block-columns is-layout-flex wp-container-core-columns-is-layout-28f84493 wp-block-columns-is-layout-flex\">\n<div class=\"wp-block-column is-layout-flow wp-block-column-is-layout-flow\" style=\"flex-basis:17%\">\n<p class=\"has-accent-3-color has-text-color has-link-color has-large-font-size wp-elements-3e2f61d54ee363620688d73273ecdfc6\" style=\"line-height:1.2\">Tre\u010dioji vieta<\/p>\n<\/div>\n\n\n\n<div class=\"wp-block-column is-vertically-aligned-center is-layout-flow wp-block-column-is-layout-flow\" style=\"flex-basis:83%\">\n<p class=\"has-text-align-left\">Gabriel\u0117 <strong>DAMIDAVI\u010cI\u016aT\u0116<\/strong> \u201eA\u0161 daug k\u0105 moku\u201c (Alytaus r. Miroslavo gimnazija, <strong>mokytoja Laimut\u0117 Gra\u017eulien\u0117<\/strong>).<\/p>\n<\/div>\n<\/div>\n\n\n\n<hr class=\"wp-block-separator has-alpha-channel-opacity is-style-default\" style=\"margin-top:var(--wp--preset--spacing--10);margin-bottom:var(--wp--preset--spacing--10)\"\/>\n\n\n\n<p class=\"has-text-align-center has-accent-3-color has-text-color has-link-color has-x-large-font-size wp-elements-547e42623a7dfc3c5fb8bf35fddebd52\"><strong><strong>9-11 met\u0173<\/strong><\/strong><\/p>\n\n\n\n<div class=\"wp-block-columns is-layout-flex wp-container-core-columns-is-layout-28f84493 wp-block-columns-is-layout-flex\">\n<div class=\"wp-block-column is-layout-flow wp-block-column-is-layout-flow\" style=\"flex-basis:17%\">\n<p class=\"has-accent-3-color has-text-color has-link-color has-large-font-size wp-elements-402ea01f075b4c1a8677410107ea659d\" style=\"line-height:1.2\">Pirmoji vieta<\/p>\n<\/div>\n\n\n\n<div class=\"wp-block-column is-vertically-aligned-center is-layout-flow wp-block-column-is-layout-flow\" style=\"flex-basis:83%\">\n<p class=\"has-text-align-left\">Una <strong>MAR\u010cIUKAITYT\u0116<\/strong> \u201eGal mes pana\u0161\u016bs?\u201c (Kauno Antano Martinai\u010dio dail\u0117s mokykla, <strong>mokytoja Jurgita Delonait\u0117-Me\u0161kien\u0117<\/strong>).<\/p>\n<\/div>\n<\/div>\n\n\n\n<div class=\"wp-block-columns is-layout-flex wp-container-core-columns-is-layout-28f84493 wp-block-columns-is-layout-flex\">\n<div class=\"wp-block-column is-layout-flow wp-block-column-is-layout-flow\" style=\"flex-basis:17%\">\n<p class=\"has-accent-3-color has-text-color has-link-color has-large-font-size wp-elements-2759788afb5191372ca698b29d36c8ce\" style=\"line-height:1.2\">Antroji vieta<\/p>\n<\/div>\n\n\n\n<div class=\"wp-block-column is-vertically-aligned-center is-layout-flow wp-block-column-is-layout-flow\" style=\"flex-basis:83%\">\n<p class=\"has-text-align-left\">Magdalena Maria <strong>MOSKAL<\/strong> \u201eMano laisv\u0117 rinktis\u201c (Suderv\u0117s Mariano Zdziechovskio pagrindin\u0117 mokykla, <strong>mokytoja Ana Miliu\u0161kevi\u010d<\/strong>).<\/p>\n<\/div>\n<\/div>\n\n\n\n<div class=\"wp-block-columns is-layout-flex wp-container-core-columns-is-layout-28f84493 wp-block-columns-is-layout-flex\">\n<div class=\"wp-block-column is-layout-flow wp-block-column-is-layout-flow\" style=\"flex-basis:17%\">\n<p class=\"has-accent-3-color has-text-color has-link-color has-large-font-size wp-elements-3e2f61d54ee363620688d73273ecdfc6\" style=\"line-height:1.2\">Tre\u010dioji vieta<\/p>\n<\/div>\n\n\n\n<div class=\"wp-block-column is-vertically-aligned-center is-layout-flow wp-block-column-is-layout-flow\" style=\"flex-basis:83%\">\n<p class=\"has-text-align-left\">Emilija <strong>\u017dVINKLYT\u0116<\/strong> \u201eGamta tai gyvyb\u0117\u201c (Vilniaus Abraomo Kulvie\u010dio klasikin\u0117 gimnazija, <strong>mokytoja Gint\u0117 Ma\u017eulien\u0117<\/strong>).<\/p>\n<\/div>\n<\/div>\n\n\n\n<hr class=\"wp-block-separator has-alpha-channel-opacity is-style-default\" style=\"margin-top:var(--wp--preset--spacing--10);margin-bottom:var(--wp--preset--spacing--10)\"\/>\n\n\n\n<p class=\"has-text-align-center has-accent-3-color has-text-color has-link-color has-x-large-font-size wp-elements-3bd4b284288f86fc51e4511a03cd683e\"><strong><strong><strong>12-14 met\u0173<\/strong><\/strong><\/strong><\/p>\n\n\n\n<div class=\"wp-block-columns is-layout-flex wp-container-core-columns-is-layout-28f84493 wp-block-columns-is-layout-flex\">\n<div class=\"wp-block-column is-layout-flow wp-block-column-is-layout-flow\" style=\"flex-basis:17%\">\n<p class=\"has-accent-3-color has-text-color has-link-color has-large-font-size wp-elements-402ea01f075b4c1a8677410107ea659d\" style=\"line-height:1.2\">Pirmoji vieta<\/p>\n<\/div>\n\n\n\n<div class=\"wp-block-column is-vertically-aligned-center is-layout-flow wp-block-column-is-layout-flow\" style=\"flex-basis:83%\">\n<p class=\"has-text-align-left\">Rugil\u0117 <strong>VAR\u017dEVI\u010cI\u016aT\u0116<\/strong> \u201eNesuvokiama gr\u0117sm\u0117\u201c (Vilniaus \u017demynos progimnazija, <strong>mokytoja Genut\u0117 Aninkevi\u010dien\u0117<\/strong>).<\/p>\n<\/div>\n<\/div>\n\n\n\n<div class=\"wp-block-columns is-layout-flex wp-container-core-columns-is-layout-28f84493 wp-block-columns-is-layout-flex\">\n<div class=\"wp-block-column is-layout-flow wp-block-column-is-layout-flow\" style=\"flex-basis:17%\">\n<p class=\"has-accent-3-color has-text-color has-link-color has-large-font-size wp-elements-2759788afb5191372ca698b29d36c8ce\" style=\"line-height:1.2\">Antroji vieta<\/p>\n<\/div>\n\n\n\n<div class=\"wp-block-column is-vertically-aligned-center is-layout-flow wp-block-column-is-layout-flow\" style=\"flex-basis:83%\">\n<p class=\"has-text-align-left\">Ramun\u0117 <strong>BALTRU\u0160AITYT\u0116<\/strong> (Kauno raj. Raudondvario gimnazija, <strong>mokytojas Ram\u016bnas Pransk\u016bnas<\/strong>).<\/p>\n<\/div>\n<\/div>\n\n\n\n<div class=\"wp-block-columns is-layout-flex wp-container-core-columns-is-layout-28f84493 wp-block-columns-is-layout-flex\">\n<div class=\"wp-block-column is-layout-flow wp-block-column-is-layout-flow\" style=\"flex-basis:17%\">\n<p class=\"has-accent-3-color has-text-color has-link-color has-large-font-size wp-elements-3e2f61d54ee363620688d73273ecdfc6\" style=\"line-height:1.2\">Tre\u010dioji vieta<\/p>\n<\/div>\n\n\n\n<div class=\"wp-block-column is-vertically-aligned-center is-layout-flow wp-block-column-is-layout-flow\" style=\"flex-basis:83%\">\n<p class=\"has-text-align-left\">Mileta <strong>STRAZDAUSKAIT\u0116<\/strong> \u201eNe\u017einomyb\u0117\u201c (Vilniaus karaliaus Mindaugo mokykla, <strong>mokytoja Kristina Rimkut\u0117<\/strong>).<\/p>\n<\/div>\n<\/div>\n\n\n\n<hr class=\"wp-block-separator has-alpha-channel-opacity is-style-default\" style=\"margin-top:var(--wp--preset--spacing--10);margin-bottom:var(--wp--preset--spacing--10)\"\/>\n\n\n\n<p class=\"has-text-align-center has-accent-3-color has-text-color has-link-color has-x-large-font-size wp-elements-6e7903d6c55ac79b4c61bbcc1931ba92\"><strong><strong><strong><strong>15-18<\/strong> met\u0173<\/strong><\/strong><\/strong><\/p>\n\n\n\n<div class=\"wp-block-columns is-layout-flex wp-container-core-columns-is-layout-28f84493 wp-block-columns-is-layout-flex\">\n<div class=\"wp-block-column is-layout-flow wp-block-column-is-layout-flow\" style=\"flex-basis:17%\">\n<p class=\"has-accent-3-color has-text-color has-link-color has-large-font-size wp-elements-402ea01f075b4c1a8677410107ea659d\" style=\"line-height:1.2\">Pirmoji vieta<\/p>\n<\/div>\n\n\n\n<div class=\"wp-block-column is-vertically-aligned-center is-layout-flow wp-block-column-is-layout-flow\" style=\"flex-basis:83%\">\n<p class=\"has-text-align-left\">Vytaut\u0117 <strong>DIJOKAIT\u0116<\/strong> \u201eInternete\u201c (Vilniaus \u017dygimanto Augusto progimnazija, <strong>mokytoja Agn\u0117 Varpukevi\u010di\u016bt\u0117<\/strong>).<\/p>\n<\/div>\n<\/div>\n\n\n\n<div class=\"wp-block-columns is-layout-flex wp-container-core-columns-is-layout-28f84493 wp-block-columns-is-layout-flex\">\n<div class=\"wp-block-column is-layout-flow wp-block-column-is-layout-flow\" style=\"flex-basis:17%\">\n<p class=\"has-accent-3-color has-text-color has-link-color has-large-font-size wp-elements-2759788afb5191372ca698b29d36c8ce\" style=\"line-height:1.2\">Antroji vieta<\/p>\n<\/div>\n\n\n\n<div class=\"wp-block-column is-vertically-aligned-center is-layout-flow wp-block-column-is-layout-flow\" style=\"flex-basis:83%\">\n<p class=\"has-text-align-left\">Aist\u0117 <strong>A\u0160KINYT\u0116<\/strong> \u201eKelias \u012f tiksl\u0105. Kry\u017ekel\u0117\u201c (\u201eSaul\u0117s\u201c privati gimnazija, <strong>mokytoja Rasa Vaitkut\u0117 \u017demaitien\u0117<\/strong>).<\/p>\n<\/div>\n<\/div>\n\n\n\n<div class=\"wp-block-columns is-layout-flex wp-container-core-columns-is-layout-28f84493 wp-block-columns-is-layout-flex\">\n<div class=\"wp-block-column is-layout-flow wp-block-column-is-layout-flow\" style=\"flex-basis:17%\">\n<p class=\"has-accent-3-color has-text-color has-link-color has-large-font-size wp-elements-3e2f61d54ee363620688d73273ecdfc6\" style=\"line-height:1.2\">Tre\u010dioji vieta<\/p>\n<\/div>\n\n\n\n<div class=\"wp-block-column is-vertically-aligned-center is-layout-flow wp-block-column-is-layout-flow\" style=\"flex-basis:83%\">\n<p>Gabija <strong>JURELYT\u0116<\/strong> (Kauno raj. Raudondvario gimnazija, <strong>mokytojas Ram\u016bnas Pransk\u016bnas<\/strong>).<\/p>\n<\/div>\n<\/div>\n\n\n\n<hr class=\"wp-block-separator has-alpha-channel-opacity is-style-dots\" style=\"margin-top:var(--wp--preset--spacing--10);margin-bottom:var(--wp--preset--spacing--10)\"\/>\n\n\n\n<p class=\"has-text-align-center has-accent-3-color has-text-color has-link-color has-x-large-font-size wp-elements-4b43339f4964ccb9b8d5fb3bf7109d58\">Sveikiname laureatus!<\/p>\n","protected":false},"excerpt":{"rendered":"<p>Pie\u0161ini\u0173 konkurso laureatai 3-5 metai Pirmoji vieta Luka KURAUSKAIT\u0116 \u201eA\u0161 noriu b\u016bti kartu\u201c (Vilniaus lop\u0161elis dar\u017eelis \u201eGabij\u0117l\u0117\u201c, mokytoja Maryt\u0117 Bal\u010diuvien\u0117). Antroji vieta Amanda PILELYT\u0116 \u201eDidelis robotas ir ma\u017ea a\u0161\u201c (Jonavos Ruklos Jono Stanislausko mokykla-daugiafunkcinis centras skyrius \u201ePu\u0161ait\u0117\u201c, mokytoja Ramun\u0117 Repe\u010dkien\u0117). Tre\u010dioji vieta Agota TIJ\u016a\u0160AIT\u0116 \u201e\u017dmon\u0117s myli, o robotas Ne\u201c (Vilniaus lop\u0161elis- dar\u017eelis \u201ePu\u0161ait\u0117\u201c, mokytoja Jolita [&hellip;]<\/p>\n","protected":false},"author":1,"featured_media":0,"parent":0,"menu_order":0,"comment_status":"closed","ping_status":"closed","template":"","meta":{"footnotes":""},"class_list":["post-2331","page","type-page","status-publish","hentry"],"_links":{"self":[{"href":"https:\/\/vaikubalsas.mruni.eu\/index.php?rest_route=\/wp\/v2\/pages\/2331","targetHints":{"allow":["GET"]}}],"collection":[{"href":"https:\/\/vaikubalsas.mruni.eu\/index.php?rest_route=\/wp\/v2\/pages"}],"about":[{"href":"https:\/\/vaikubalsas.mruni.eu\/index.php?rest_route=\/wp\/v2\/types\/page"}],"author":[{"embeddable":true,"href":"https:\/\/vaikubalsas.mruni.eu\/index.php?rest_route=\/wp\/v2\/users\/1"}],"replies":[{"embeddable":true,"href":"https:\/\/vaikubalsas.mruni.eu\/index.php?rest_route=%2Fwp%2Fv2%2Fcomments&post=2331"}],"version-history":[{"count":7,"href":"https:\/\/vaikubalsas.mruni.eu\/index.php?rest_route=\/wp\/v2\/pages\/2331\/revisions"}],"predecessor-version":[{"id":2353,"href":"https:\/\/vaikubalsas.mruni.eu\/index.php?rest_route=\/wp\/v2\/pages\/2331\/revisions\/2353"}],"wp:attachment":[{"href":"https:\/\/vaikubalsas.mruni.eu\/index.php?rest_route=%2Fwp%2Fv2%2Fmedia&parent=2331"}],"curies":[{"name":"wp","href":"https:\/\/api.w.org\/{rel}","templated":true}]}}