{"id":2308,"date":"2024-05-28T12:28:35","date_gmt":"2024-05-28T12:28:35","guid":{"rendered":"https:\/\/vaikubalsas.mruni.eu\/?page_id=2308"},"modified":"2024-06-04T10:40:36","modified_gmt":"2024-06-04T10:40:36","slug":"vaizdo-klipu-konkurso-laureatai-2","status":"publish","type":"page","link":"https:\/\/vaikubalsas.mruni.eu\/?page_id=2308","title":{"rendered":"Vaizdo klip\u0173 konkurso laureatai 2024"},"content":{"rendered":"\n<h2 class=\"wp-block-heading has-text-align-center is-style-default has-accent-3-color has-text-color has-link-color has-x-large-font-size wp-elements-7f78b034d93f5226764d018a8faaf6c7\" style=\"padding-top:0;padding-right:0;padding-bottom:0;padding-left:0\">Vaizdo klip\u0173 konkurso laureatai<\/h2>\n\n\n\n<hr class=\"wp-block-separator has-alpha-channel-opacity is-style-dots\" style=\"margin-top:var(--wp--preset--spacing--10);margin-bottom:var(--wp--preset--spacing--10)\"\/>\n\n\n\n<div class=\"wp-block-columns is-layout-flex wp-container-core-columns-is-layout-28f84493 wp-block-columns-is-layout-flex\">\n<div class=\"wp-block-column is-layout-flow wp-block-column-is-layout-flow\" style=\"flex-basis:17%\">\n<p class=\"has-accent-3-color has-text-color has-link-color has-body-font-family has-large-font-size wp-elements-52abd80de90f15f729de078b668763d1\" style=\"line-height:1.2\">Pirmoji vieta<\/p>\n<\/div>\n\n\n\n<div class=\"wp-block-column is-layout-flow wp-block-column-is-layout-flow\" style=\"flex-basis:83%\">\n<p>Matas <strong>SIRTAUTAS<\/strong>, Domantas <strong>MANGEVI\u010cIUS<\/strong>, Kajus <strong>KLINAVI\u010cIUS<\/strong>, Mindaugas <strong>STARKUS<\/strong>, Domas <strong><strong>LE\u0160\u010cINSKAS<\/strong><\/strong> \u201eA\u0161 ne robotas, a\u0161 \u2013 \u017emogus\u201c (Vilniaus \u017dygimanto Augusto progimnazija, <strong>mokytoja Agn\u0117 Varpukevi\u010di\u016bt\u0117<\/strong>).<\/p>\n<\/div>\n<\/div>\n\n\n\n<hr class=\"wp-block-separator has-alpha-channel-opacity\"\/>\n\n\n\n<div class=\"wp-block-columns is-layout-flex wp-container-core-columns-is-layout-28f84493 wp-block-columns-is-layout-flex\">\n<div class=\"wp-block-column is-layout-flow wp-block-column-is-layout-flow\" style=\"flex-basis:17%\">\n<p class=\"has-accent-3-color has-text-color has-link-color has-body-font-family has-large-font-size wp-elements-cdcbbd637c7d99f181b06a26e71186e3\" style=\"line-height:1.2\">Antroji vieta<\/p>\n<\/div>\n\n\n\n<div class=\"wp-block-column is-layout-flow wp-block-column-is-layout-flow\" style=\"flex-basis:83%\">\n<p>Sintija <strong>MOLYT\u0116<\/strong>, Neila <strong>DAUTARTAIT\u0116<\/strong>, Pijus <strong>BRICAS<\/strong> \u201eNe viskas auksas, kas auksu \u017eiba\u201c (Vilniaus \u017dygimanto Augusto progimnazija, <strong>mokytoja Agn\u0117 Varpukevi\u010di\u016bt\u0117<\/strong>).<\/p>\n<\/div>\n<\/div>\n\n\n\n<hr class=\"wp-block-separator has-alpha-channel-opacity\"\/>\n\n\n\n<div class=\"wp-block-columns is-layout-flex wp-container-core-columns-is-layout-28f84493 wp-block-columns-is-layout-flex\">\n<div class=\"wp-block-column is-layout-flow wp-block-column-is-layout-flow\" style=\"flex-basis:17%\">\n<p class=\"has-accent-3-color has-text-color has-link-color has-body-font-family has-large-font-size wp-elements-5c493225204d4bb0a48705dcef65d80b\" style=\"line-height:1.2\">Tre\u010dioji vieta<\/p>\n<\/div>\n\n\n\n<div class=\"wp-block-column is-layout-flow wp-block-column-is-layout-flow\" style=\"flex-basis:83%\">\n<p>Arnas <strong>KUNICKAS<\/strong>, Laura <strong>\u0160IDI\u0160KYT\u0116<\/strong>, Kornelija <strong>GUDELIAUSKAIT\u0116<\/strong>, Vytautas <strong>JONAITIS<\/strong>, Ugnius <strong>DELTUVAS<\/strong>, Viktorija <strong>TAUKINAITYT\u0116<\/strong>, Deimant\u0117 <strong>TAUKINAITYT\u0116<\/strong>, Arina <strong>KUKSENOK<\/strong>, Adomas <strong>MACKEVI\u010cIUS<\/strong>, Andrii <strong>KOZUBOV<\/strong>, Vladyslav <strong>KOLESNIKOV<\/strong>, Ivan <strong>PROTASIUK<\/strong>, Artiom <strong>TYNDA<\/strong> \u201eA\u0161 \u017emogus, ne robotas\u201c (Vaiko gerov\u0117s instituto VDC \u201eAngel\u0173 pal\u0117p\u0117\u201c, <strong>vadovas&nbsp;Tomas Daug\u0117la<\/strong>)<\/p>\n<\/div>\n<\/div>\n\n\n\n<hr class=\"wp-block-separator has-alpha-channel-opacity is-style-dots\" style=\"margin-top:var(--wp--preset--spacing--10);margin-bottom:var(--wp--preset--spacing--10)\"\/>\n\n\n\n<h2 class=\"wp-block-heading has-text-align-center is-style-default has-accent-3-color has-text-color has-link-color has-x-large-font-size wp-elements-dae5197c9a4d2af83635534e8e5c5bf1\" style=\"padding-top:0;padding-right:0;padding-bottom:0;padding-left:0\">Sveikiname laureatus!<\/h2>\n","protected":false},"excerpt":{"rendered":"<p>Vaizdo klip\u0173 konkurso laureatai Pirmoji vieta Matas SIRTAUTAS, Domantas MANGEVI\u010cIUS, Kajus KLINAVI\u010cIUS, Mindaugas STARKUS, Domas LE\u0160\u010cINSKAS \u201eA\u0161 ne robotas, a\u0161 \u2013 \u017emogus\u201c (Vilniaus \u017dygimanto Augusto progimnazija, mokytoja Agn\u0117 Varpukevi\u010di\u016bt\u0117). Antroji vieta Sintija MOLYT\u0116, Neila DAUTARTAIT\u0116, Pijus BRICAS \u201eNe viskas auksas, kas auksu \u017eiba\u201c (Vilniaus \u017dygimanto Augusto progimnazija, mokytoja Agn\u0117 Varpukevi\u010di\u016bt\u0117). Tre\u010dioji vieta Arnas KUNICKAS, Laura [&hellip;]<\/p>\n","protected":false},"author":1,"featured_media":0,"parent":0,"menu_order":0,"comment_status":"closed","ping_status":"closed","template":"","meta":{"footnotes":""},"class_list":["post-2308","page","type-page","status-publish","hentry"],"_links":{"self":[{"href":"https:\/\/vaikubalsas.mruni.eu\/index.php?rest_route=\/wp\/v2\/pages\/2308","targetHints":{"allow":["GET"]}}],"collection":[{"href":"https:\/\/vaikubalsas.mruni.eu\/index.php?rest_route=\/wp\/v2\/pages"}],"about":[{"href":"https:\/\/vaikubalsas.mruni.eu\/index.php?rest_route=\/wp\/v2\/types\/page"}],"author":[{"embeddable":true,"href":"https:\/\/vaikubalsas.mruni.eu\/index.php?rest_route=\/wp\/v2\/users\/1"}],"replies":[{"embeddable":true,"href":"https:\/\/vaikubalsas.mruni.eu\/index.php?rest_route=%2Fwp%2Fv2%2Fcomments&post=2308"}],"version-history":[{"count":11,"href":"https:\/\/vaikubalsas.mruni.eu\/index.php?rest_route=\/wp\/v2\/pages\/2308\/revisions"}],"predecessor-version":[{"id":2363,"href":"https:\/\/vaikubalsas.mruni.eu\/index.php?rest_route=\/wp\/v2\/pages\/2308\/revisions\/2363"}],"wp:attachment":[{"href":"https:\/\/vaikubalsas.mruni.eu\/index.php?rest_route=%2Fwp%2Fv2%2Fmedia&parent=2308"}],"curies":[{"name":"wp","href":"https:\/\/api.w.org\/{rel}","templated":true}]}}