{"id":1975,"date":"2022-03-07T12:51:52","date_gmt":"2022-03-07T12:51:52","guid":{"rendered":"http:\/\/vaikubalsas.mruni.eu\/?page_id=1975"},"modified":"2023-05-12T07:08:14","modified_gmt":"2023-05-12T07:08:14","slug":"vaizdo-klipu-konkurso-nuostatai","status":"publish","type":"page","link":"https:\/\/vaikubalsas.mruni.eu\/?page_id=1975","title":{"rendered":"Vaizdo klip\u0173 konkurso nuostatai"},"content":{"rendered":"<ol>\n<li><strong> BENDROJI DALIS<\/strong><\/li>\n<\/ol>\n<p><strong>\u00a0<\/strong><\/p>\n<ol>\n<li>Vaik\u0173 vaizdo klip\u0173 konkurso \u201eLietuvos vaik\u0173 balsas\u201c (toliau \u2013 Konkursas) nuostatai (toliau \u2013 Nuostatai) apibr\u0117\u017eia konkurso organizatorius, tiksl\u0105, u\u017edavinius, dalyvius, s\u0105lygas, konkurso laim\u0117toj\u0173 nustatymo ir dalyvi\u0173 apdovanojimo tvark\u0105.<\/li>\n<li>Konkurso organizatorius \u2013 Mykolo Romerio universiteto \u017dmogaus ir visuomen\u0117s studij\u0173 fakulteto Edukologijos ir socialinio darbo institutas (toliau \u2013 Organizatorius).<\/li>\n<li>Konkurso koordinatorius ir kontaktinis asmuo: doc. dr. Justinas Sadauskas, el. pa\u0161tas: <a href=\"mailto:lietuvosvaikubalsas@mruni.eu\">lietuvosvaikubalsas@mruni.eu<\/a><\/li>\n<\/ol>\n<ol>\n<li><strong> KONKURSO TIKSLAI IR U\u017dDAVINIAI<\/strong><\/li>\n<\/ol>\n<p><strong>\u00a0<\/strong><\/p>\n<ol start=\"4\">\n<li>Konkursas skirtas pamin\u0117ti Tarptautin\u0119 vaik\u0173 gynimo dien\u0105. Dalyviai kvie\u010diami i\u0161reik\u0161ti savo nuomon\u0119 sukuriant vaizdo klip\u0105 (2 min. filmuk\u0105) tema <em>\u201eJeigu tur\u0117\u010diau stebukl\u0173 lazdel\u0119 &#8230;\u201c<\/em>.<\/li>\n<li>Konkurso tikslas \u2013 suteikti galimyb\u0119 vaikui ar vaik\u0173 grupei skaitmenin\u0117mis vizualin\u0117mis priemon\u0117mis i\u0161sakyti savo nuomon\u0119 apie tai, kas jam (jiems) r\u016bpi.<\/li>\n<li>U\u017edaviniai:<\/li>\n<\/ol>\n<p>6.1. Skatinti pilietin\u0119 dr\u0105s\u0105 ir aktyvum\u0105 atsakingai i\u0161sakant savo nuomon\u0119;<\/p>\n<p>6.2. Puosel\u0117ti vaik\u0173 menin\u0119 savirai\u0161k\u0105 ir k\u016brybi\u0161kum\u0105.<\/p>\n<p><strong>III. DALYVIAI<\/strong><\/p>\n<p><strong>\u00a0<\/strong><\/p>\n<ol start=\"7\">\n<li>Konkurse gali dalyvauti vaik\u0173 grup\u0117s nuo 10 iki 18 met\u0173.<\/li>\n<\/ol>\n<p><strong>\u00a0<\/strong><\/p>\n<ol>\n<li><strong> KONKURSO S\u0104LYGOS<\/strong><\/li>\n<\/ol>\n<ol start=\"8\">\n<li>Konkursui pateikiami vaik\u0173 sukurti <em>individual\u016bs<\/em> arba <em>grupiniai<\/em> darbai.<\/li>\n<li>Vaizdo klipo trukm\u0117 iki 2 min., formatas MP4.<\/li>\n<li>Atsiun\u010diant vaizdo klip\u0105 b\u016btina u\u017epildyti elektronin\u0119 konkurso dalyvi\u0173 registracijos anket\u0105, nurodant vaizdo klipo pavadinim\u0105, id\u0117j\u0105 (2-3 sakiniai). Jeigu vaizdo klip\u0105 reng\u0117 mokini\u0173 grup\u0117, pildoma viena registracijos anketa visai grupei.<\/li>\n<li>Vaizdo klipas turi b\u016bti originalus \u2013 sukurtas \u0161iam konkursui ir anks\u010diau niekur neskelbtas.<\/li>\n<li>Vaizdo klipo turiniui negalima naudoti kit\u0173 k\u016brini\u0173 ir \/ ar j\u0173 fragment\u0173, jei jiems naudoti n\u0117ra gautas autori\u0173 leidimas. Be autoriaus leidimo galima naudoti muzik\u0105, kuri yra laisvai prieinama YouTube audio bibliotekoje.<\/li>\n<\/ol>\n<ol>\n<li><strong> KONKURSO DARB\u0172 VERTINIMAS<\/strong><\/li>\n<\/ol>\n<ol start=\"13\">\n<li>Organizatorius sudaro vertinimo komisij\u0105.<\/li>\n<li>Konkurso vertinimo komisija atsi\u017evelgia \u012f:<\/li>\n<\/ol>\n<p>14.1. vaizdo klipo atitikim\u0105 temai <em>\u201eJeigu tur\u0117\u010diau stebukl\u0173 lazdel\u0119 &#8230;\u201c<\/em>;<\/p>\n<p>14.2. kartu su vaizdo klipu elektronin\u0117je konkurso dalyvi\u0173 registracijos anketoje pateikt\u0105 vaizdo klipo pavadinim\u0105, id\u0117j\u0105 (2-3 sakiniai);<\/p>\n<p>14.3. id\u0117jos ir k\u016brybinio sprendimo originalum\u0105;<\/p>\n<p>14.4. vaizdo ir garso kokyb\u0119;<\/p>\n<p>14.5. esteti\u0161kum\u0105.<\/p>\n<ol start=\"15\">\n<li>Kiekvienoje am\u017eiaus grup\u0117je bus i\u0161rinkta po 3 nugal\u0117tojus.<\/li>\n<li>Nugal\u0117tojai bus kvie\u010diami dalyvauti konferencijoje \u201eLietuvos vaik\u0173 balsas\u201c, vyksian\u010dioje <strong>2023\u00a0m.\u00a0bir\u017eelio\u00a01\u00a0d.<\/strong> Mykolo Romerio universitete adresu Ateities g. 20, I-201 aud. Vilnius.<\/li>\n<li>Konkurso s\u0105lyg\u0173 neatitinkantys vaizdo klipai nebus vertinami.<\/li>\n<\/ol>\n<p><strong>\u00a0<\/strong><\/p>\n<ol>\n<li><strong> KONKURSO ORGANIZAVIMO TVARKA<\/strong><\/li>\n<\/ol>\n<p><strong>\u00a0<\/strong><\/p>\n<ol start=\"19\">\n<li>Konkurso dalyvis (vaizdo klipo k\u016br\u0117j\u0173 grup\u0117s atstovas) <strong>iki 2023 m. gegu\u017e\u0117s 18 d.<\/strong> u\u017epildo elektronin\u0119 konkurso dalyvio registracijos anket\u0105: <a href=\"https:\/\/forms.office.com\/r\/tGbPCGSQYm\">https:\/\/forms.office.com\/r\/tGbPCGSQYm<\/a><\/li>\n<\/ol>\n<p>20. Vaik\u0173 sukurti vaizdo klipai<strong> iki 2023 m. gegu\u017e\u0117s 18 d.<\/strong> atsiun\u010diami e. pa\u0161tu <a href=\"mailto:lietuvosvaikubalsas@mruni.eu\">lietuvosvaikubalsas@mruni.eu<\/a> . Kilus sunkumams atsi\u0173sti didesn\u0117s apimties dokument\u0105, susisiekite telefonu +37069931908.<\/p>\n<ol start=\"21\">\n<li>Vertinimo komisija <strong>2023 m. gegu\u017e\u0117s 23 d.<\/strong> skelbia konkurso rezultatus interneto svetain\u0117je <a href=\"https:\/\/vaikubalsas.mruni.eu\/\">https:\/\/vaikubalsas.mruni.eu\/<\/a> bei informuoja konkurso nugal\u0117tojus asmeni\u0161kai el. pa\u0161tu.<\/li>\n<li>Konkurso nugal\u0117toj\u0173 projektai bus talpinami organizatoriaus tinklapyje <a href=\"https:\/\/vaikubalsas.mruni.eu\/\">https:\/\/vaikubalsas.mruni.eu\/<\/a><\/li>\n<\/ol>\n<p><strong>VII. RENGINI\u0172 DALYVI\u0172 APDOVANOJIMAS<\/strong><\/p>\n<ol start=\"23\">\n<li>Konkurso nugal\u0117tojai bus apdovanoti konferencijoje<strong> \u201eLietuvos vaik\u0173 balsas\u201c<\/strong>, kuri skirta pamin\u0117ti Tarptautin\u0119 vaik\u0173 gynimo dien\u0105 <strong>2023 m. bir\u017eelio 1 d.<\/strong><\/li>\n<li>Nugal\u0117tojai bus apdovanojami atminimo dovanomis, o pedagogams, kuri\u0173 mokiniai taps nugal\u0117tojais, bus \u012fteikti pad\u0117kos ra\u0161tai.<\/li>\n<\/ol>\n<p><strong>\u00a0<\/strong><\/p>\n<p><strong>VIII. KITOS S\u0104LYGOS<\/strong><\/p>\n<p><strong>\u00a0<\/strong><\/p>\n<ol start=\"25\">\n<li>Konkurso dalyviai, atsi\u0173sdami vaizdo klipus, sutinka su konkurso taisykl\u0117mis ir suteikia teis\u0119 organizatoriui naudoti vaizdo klipus medijose vie\u0161inimo tikslais.<\/li>\n<li>Organizatorius n\u0117ra atsakingas u\u017e bet kokias asmenines i\u0161laidas, susijusias su dalyvavimu konkurse.<\/li>\n<li>Organizatorius neatsako u\u017e siuntimo metu dingusius, pa\u017eeistus ar sugadintus projektus.<\/li>\n<li>Konkurso dalyviai sutinka, kad foto nuotraukos ar video med\u017eiaga su asmeniniu atvaizdu i\u0161 apdovanojim\u0173 ceremonijos ar kit\u0173 su konkursu susijusi\u0173 rengini\u0173, b\u016bt\u0173 publikuojamos vie\u0161ai ir naudojamos rinkodaros tikslais.<\/li>\n<li>Konkurso organizatorius pasilieka teis\u0119 keisti konkurso taisykles, apie tai informuodamas MRU internetiniame puslapyje (<a href=\"https:\/\/vaikubalsas.mruni.eu\/\">https:\/\/vaikubalsas.mruni.eu\/<\/a>).<\/li>\n<\/ol>\n","protected":false},"excerpt":{"rendered":"<p>BENDROJI DALIS \u00a0 Vaik\u0173 vaizdo klip\u0173 konkurso \u201eLietuvos vaik\u0173 balsas\u201c (toliau \u2013 Konkursas) nuostatai (toliau \u2013 Nuostatai) apibr\u0117\u017eia konkurso organizatorius, tiksl\u0105, u\u017edavinius, dalyvius, s\u0105lygas, konkurso laim\u0117toj\u0173 nustatymo ir dalyvi\u0173 apdovanojimo tvark\u0105. Konkurso organizatorius \u2013 Mykolo Romerio universiteto \u017dmogaus ir visuomen\u0117s studij\u0173 fakulteto Edukologijos ir socialinio darbo institutas (toliau \u2013 Organizatorius). Konkurso koordinatorius ir kontaktinis asmuo: [&hellip;]<\/p>\n","protected":false},"author":1,"featured_media":0,"parent":0,"menu_order":0,"comment_status":"closed","ping_status":"closed","template":"","meta":{"footnotes":""},"class_list":["post-1975","page","type-page","status-publish","hentry"],"_links":{"self":[{"href":"https:\/\/vaikubalsas.mruni.eu\/index.php?rest_route=\/wp\/v2\/pages\/1975","targetHints":{"allow":["GET"]}}],"collection":[{"href":"https:\/\/vaikubalsas.mruni.eu\/index.php?rest_route=\/wp\/v2\/pages"}],"about":[{"href":"https:\/\/vaikubalsas.mruni.eu\/index.php?rest_route=\/wp\/v2\/types\/page"}],"author":[{"embeddable":true,"href":"https:\/\/vaikubalsas.mruni.eu\/index.php?rest_route=\/wp\/v2\/users\/1"}],"replies":[{"embeddable":true,"href":"https:\/\/vaikubalsas.mruni.eu\/index.php?rest_route=%2Fwp%2Fv2%2Fcomments&post=1975"}],"version-history":[{"count":4,"href":"https:\/\/vaikubalsas.mruni.eu\/index.php?rest_route=\/wp\/v2\/pages\/1975\/revisions"}],"predecessor-version":[{"id":2094,"href":"https:\/\/vaikubalsas.mruni.eu\/index.php?rest_route=\/wp\/v2\/pages\/1975\/revisions\/2094"}],"wp:attachment":[{"href":"https:\/\/vaikubalsas.mruni.eu\/index.php?rest_route=%2Fwp%2Fv2%2Fmedia&parent=1975"}],"curies":[{"name":"wp","href":"https:\/\/api.w.org\/{rel}","templated":true}]}}