{"id":1210,"date":"2020-06-01T07:16:07","date_gmt":"2020-06-01T07:16:07","guid":{"rendered":"http:\/\/vaikubalsas.mruni.eu\/?page_id=1210"},"modified":"2024-06-04T09:05:11","modified_gmt":"2024-06-04T09:05:11","slug":"tiesiogine-transliacija","status":"publish","type":"page","link":"https:\/\/vaikubalsas.mruni.eu\/?page_id=1210","title":{"rendered":"Tiesiogin\u0117 transliacija"},"content":{"rendered":"\n<p class=\"has-accent-3-color has-text-color has-link-color has-x-large-font-size wp-elements-dac7f0f9b75448c0e89b879c1a5ee8b0\" style=\"padding-top:0;padding-right:0;padding-bottom:0;padding-left:0\">Tiesiogin\u0117 transliacija<\/p>\n\n\n\n<figure class=\"wp-block-embed aligncenter is-type-video is-provider-youtube wp-block-embed-youtube wp-embed-aspect-4-3 wp-has-aspect-ratio\"><div class=\"wp-block-embed__wrapper\">\n<iframe loading=\"lazy\" title=\"Vaik\u0173 konferencija \u201eLietuvos vaik\u0173 balsas 2024\u201c\" width=\"500\" height=\"281\" src=\"https:\/\/www.youtube.com\/embed\/fZmCChEML_g?feature=oembed\" frameborder=\"0\" allow=\"accelerometer; autoplay; clipboard-write; encrypted-media; gyroscope; picture-in-picture; web-share\" referrerpolicy=\"strict-origin-when-cross-origin\" allowfullscreen><\/iframe>\n<\/div><\/figure>\n\n\n\n<p><em>Informuojame, kad konferencijos metu bus fotografuojama, \u012fra\u0161oma bei tiesiogiai transliuojama.<\/em><\/p>\n","protected":false},"excerpt":{"rendered":"<p>Tiesiogin\u0117 transliacija Informuojame, kad konferencijos metu bus fotografuojama, \u012fra\u0161oma bei tiesiogiai transliuojama.<\/p>\n","protected":false},"author":1,"featured_media":0,"parent":0,"menu_order":0,"comment_status":"closed","ping_status":"closed","template":"","meta":{"footnotes":""},"class_list":["post-1210","page","type-page","status-publish","hentry"],"_links":{"self":[{"href":"https:\/\/vaikubalsas.mruni.eu\/index.php?rest_route=\/wp\/v2\/pages\/1210","targetHints":{"allow":["GET"]}}],"collection":[{"href":"https:\/\/vaikubalsas.mruni.eu\/index.php?rest_route=\/wp\/v2\/pages"}],"about":[{"href":"https:\/\/vaikubalsas.mruni.eu\/index.php?rest_route=\/wp\/v2\/types\/page"}],"author":[{"embeddable":true,"href":"https:\/\/vaikubalsas.mruni.eu\/index.php?rest_route=\/wp\/v2\/users\/1"}],"replies":[{"embeddable":true,"href":"https:\/\/vaikubalsas.mruni.eu\/index.php?rest_route=%2Fwp%2Fv2%2Fcomments&post=1210"}],"version-history":[{"count":15,"href":"https:\/\/vaikubalsas.mruni.eu\/index.php?rest_route=\/wp\/v2\/pages\/1210\/revisions"}],"predecessor-version":[{"id":2357,"href":"https:\/\/vaikubalsas.mruni.eu\/index.php?rest_route=\/wp\/v2\/pages\/1210\/revisions\/2357"}],"wp:attachment":[{"href":"https:\/\/vaikubalsas.mruni.eu\/index.php?rest_route=%2Fwp%2Fv2%2Fmedia&parent=1210"}],"curies":[{"name":"wp","href":"https:\/\/api.w.org\/{rel}","templated":true}]}}