{"id":1155,"date":"2020-05-22T07:41:44","date_gmt":"2020-05-22T07:41:44","guid":{"rendered":"http:\/\/vaikubalsas.mruni.eu\/?page_id=1155"},"modified":"2023-05-23T07:36:37","modified_gmt":"2023-05-23T07:36:37","slug":"pranesimu-konkurso-laureatai","status":"publish","type":"page","link":"https:\/\/vaikubalsas.mruni.eu\/?page_id=1155","title":{"rendered":"Prane\u0161im\u0173 konkurso laureatai 2023"},"content":{"rendered":"\n<p><strong>3-4 klas\u0117<\/strong><\/p>\n\n\n\n<p>Natas LUK\u0160A, 4 kl., \u201eNORAI\u201c, (Jurbarko naujamies\u010dio progimnazija, mokytojos Saulena Luk\u0161ien\u0117, Rita \u0160ulinskien\u0117).<\/p>\n\n\n\n<p>Ar\u016bn\u0117 POCIULYT\u0116, 3 kl., \u201eLAI\u0160KAS BURTININKUI\u201c (Panev\u0117\u017eio r. Piniavos mokykla-dar\u017eelis, mokytoja Kristina \u017darnauskien\u0117).<\/p>\n\n\n\n<p><strong>5-6 klas\u0117<\/strong><\/p>\n\n\n\n<p>Gediminas PALIONIS, 5 kl., \u201eKAD KIEKVIENAS NORS NOR\u0116T\u0172 TUR\u0116TI BURTININKO LAZDEL\u0118&#8230;\u201c (Panev\u0117\u017eio Kazimiero Paltaroko gimnazija, mokytoja Audron\u0117 Tichanavi\u010dien\u0117).<\/p>\n\n\n\n<p>Evald DULKO, 5 kl., \u201eJEIGU TUR\u0116\u010cIAU STEBUKL\u0172 LAZDEL\u0118&#8230;\u201c (Vilniaus Jono Pauliaus II progimnazija, mokytoja El\u017ebeta Stankevi\u010dien\u0117).<\/p>\n\n\n\n<p>Vakar\u0117 RATIUKAIT\u0116, 5 kl., \u201eJEIGU TUR\u0116\u010cIAU STEBUKL\u0172 LAZDEL\u0118\u201c (Vilniaus Balsi\u0173 progimnazija, mokytoja Dalia Iliukevi\u010dien\u0117).<\/p>\n\n\n\n<p><strong>7-8 klas\u0117<\/strong><\/p>\n\n\n\n<p>Urt\u0117 VIRVILAIT\u0116, 7 kl., \u201eAGUONOS GR\u016aDELIS\u201c (Jurbarko Naujamies\u010dio progimnazija, mokytoja Saulena Luk\u0161ien\u0117).<\/p>\n\n\n\n<p>Evita ZEMENSKAIT\u0116, 8 kl., \u201eJEI TUR\u0116\u010cIAU BURT\u0172 LAZDEL\u0118&#8230;\u201c (Trak\u0173 r. Lentvario Motiejaus \u0160imelionio gimnazija, mokytoja Daiva Prakapait\u0117).<\/p>\n\n\n\n<p>Emilija MATULAITYT\u0116, 7 kl., \u201ePADARYKIME PASAUL\u012e GRA\u017dESN\u012e&#8230;\u201c (Kauno Martyno Ma\u017evydo progimnazija, mokytoja Irena Kaklauskien\u0117).<\/p>\n\n\n\n<p><strong>9-10 klas\u0117<\/strong><\/p>\n\n\n\n<p>Maryja LOKUTIJEVSKA, IG kl., \u201e\u017dMONI\u0172 AKLUMAS\u201c (Vilniaus r. Rukaini\u0173 gimnazija, mokytoja Jevgenija Jackevi\u010d).<\/p>\n\n\n\n<p>Roberta BAR\u010cAIT\u0116, 9 kl., \u201eBLANKI LAIM\u0116\u201c (Vilniaus Jono Basanavi\u010diaus gimnazija, mokytoja Vilma \u0160ik\u0161nien\u0117).<\/p>\n\n\n\n<p><strong>11-12 klas\u0117<\/strong><\/p>\n\n\n\n<p>Ana KUCKEVI\u010c, IIIG kl., \u201ePAPRASTI NORAI\u201c\u00a0 (Vilniaus r. Rukaini\u0173 gimnazija, mokytoja Jevgenija Jackevi\u010d).<\/p>\n\n\n\n<p>Bo\u017eena TUMANOVI\u010c, IIIG kl., \u201eTRYS NORAI\u201c (Vilniaus r. Rukaini\u0173 gimnazija, mokytoja Jevgenija Jackevi\u010d).<\/p>\n\n\n\n<p> <\/p>\n\n\n\n<p> <\/p>\n\n\n\n<p><strong><em>D\u0117kojame visiems dalyvavusiems konkurse! <\/em><\/strong><\/p>\n\n\n\n<p><strong><em><strong><em>Jau bir\u017eelio 1 d., <\/em><\/strong><em><strong>11 val., <\/strong><\/em>laukiame J\u016bs\u0173 Lietuvos vaik\u0173 balso konferencijoje &#8211; apdovanojimuose <strong>Mykolo Romerio universitete, I-201 aud.<\/strong><\/em><\/strong><\/p>\n","protected":false},"excerpt":{"rendered":"<p>3-4 klas\u0117 Natas LUK\u0160A, 4 kl., \u201eNORAI\u201c, (Jurbarko naujamies\u010dio progimnazija, mokytojos Saulena Luk\u0161ien\u0117, Rita \u0160ulinskien\u0117). Ar\u016bn\u0117 POCIULYT\u0116, 3 kl., \u201eLAI\u0160KAS BURTININKUI\u201c (Panev\u0117\u017eio r. Piniavos mokykla-dar\u017eelis, mokytoja Kristina \u017darnauskien\u0117). 5-6 klas\u0117 Gediminas PALIONIS, 5 kl., \u201eKAD KIEKVIENAS NORS NOR\u0116T\u0172 TUR\u0116TI BURTININKO LAZDEL\u0118&#8230;\u201c (Panev\u0117\u017eio Kazimiero Paltaroko gimnazija, mokytoja Audron\u0117 Tichanavi\u010dien\u0117). Evald DULKO, 5 kl., \u201eJEIGU TUR\u0116\u010cIAU STEBUKL\u0172 [&hellip;]<\/p>\n","protected":false},"author":1,"featured_media":0,"parent":0,"menu_order":0,"comment_status":"closed","ping_status":"closed","template":"","meta":{"footnotes":""},"class_list":["post-1155","page","type-page","status-publish","hentry"],"_links":{"self":[{"href":"https:\/\/vaikubalsas.mruni.eu\/index.php?rest_route=\/wp\/v2\/pages\/1155","targetHints":{"allow":["GET"]}}],"collection":[{"href":"https:\/\/vaikubalsas.mruni.eu\/index.php?rest_route=\/wp\/v2\/pages"}],"about":[{"href":"https:\/\/vaikubalsas.mruni.eu\/index.php?rest_route=\/wp\/v2\/types\/page"}],"author":[{"embeddable":true,"href":"https:\/\/vaikubalsas.mruni.eu\/index.php?rest_route=\/wp\/v2\/users\/1"}],"replies":[{"embeddable":true,"href":"https:\/\/vaikubalsas.mruni.eu\/index.php?rest_route=%2Fwp%2Fv2%2Fcomments&post=1155"}],"version-history":[{"count":16,"href":"https:\/\/vaikubalsas.mruni.eu\/index.php?rest_route=\/wp\/v2\/pages\/1155\/revisions"}],"predecessor-version":[{"id":2106,"href":"https:\/\/vaikubalsas.mruni.eu\/index.php?rest_route=\/wp\/v2\/pages\/1155\/revisions\/2106"}],"wp:attachment":[{"href":"https:\/\/vaikubalsas.mruni.eu\/index.php?rest_route=%2Fwp%2Fv2%2Fmedia&parent=1155"}],"curies":[{"name":"wp","href":"https:\/\/api.w.org\/{rel}","templated":true}]}}